{"id":863,"date":"2025-04-27T15:31:17","date_gmt":"2025-04-27T15:31:17","guid":{"rendered":"https:\/\/www.bruckner-schmitzer.at\/?page_id=863"},"modified":"2025-07-02T19:45:11","modified_gmt":"2025-07-02T19:45:11","slug":"dsgvo","status":"publish","type":"page","link":"https:\/\/www.bruckner-schmitzer.at\/?page_id=863","title":{"rendered":"dsgvo"},"content":{"rendered":"\t\t<div data-elementor-type=\"wp-page\" data-elementor-id=\"863\" class=\"elementor elementor-863\" data-elementor-post-type=\"page\">\n\t\t\t\t<div class=\"elementor-element elementor-element-2f9277e e-flex e-con-boxed e-con e-parent\" data-id=\"2f9277e\" data-element_type=\"container\" data-e-type=\"container\">\n\t\t\t\t\t<div class=\"e-con-inner\">\n\t\t\t\t<div class=\"elementor-element elementor-element-ff596a1 elementor-widget elementor-widget-heading\" data-id=\"ff596a1\" data-element_type=\"widget\" data-e-type=\"widget\" data-widget_type=\"heading.default\">\n\t\t\t\t<div class=\"elementor-widget-container\">\n\t\t\t\t\t<h1 class=\"elementor-heading-title elementor-size-default\">dsgvo - datenschutzerkl\u00e4rung<\/h1>\t\t\t\t<\/div>\n\t\t\t\t<\/div>\n\t\t\t\t\t<\/div>\n\t\t\t\t<\/div>\n\t\t<div class=\"elementor-element elementor-element-73a6b53 e-flex e-con-boxed e-con e-parent\" data-id=\"73a6b53\" data-element_type=\"container\" data-e-type=\"container\">\n\t\t\t\t\t<div class=\"e-con-inner\">\n\t\t\t\t<div class=\"elementor-element elementor-element-755a3b0 elementor-widget elementor-widget-text-editor\" data-id=\"755a3b0\" data-element_type=\"widget\" data-e-type=\"widget\" data-widget_type=\"text-editor.default\">\n\t\t\t\t<div class=\"elementor-widget-container\">\n\t\t\t\t\t\t\t\t\t<p>Der Schutz Ihrer pers\u00f6nlichen Daten ist uns ein besonderes Anliegen. Wir, die <span style=\"font-size: 1em; text-align: var(--text-align);\"><strong>bruckner schmitzer gmbh<\/strong>, verarbeiten Ihre Daten daher ausschlie\u00dflich auf Grundlage der gesetzlichen Bestimmungen (DSGVO, TKG 2003). In dieser Datenschutzerkl\u00e4rung informieren wir Sie \u00fcber die wichtigsten Aspekte der Datenverarbeitung im Rahmen unserer Website.<\/span><\/p><p><strong>1. Verantwortlicher<\/strong><\/p><p><span style=\"text-decoration: underline;\">bruckner schmitzer gmbh<\/span><br \/>Wildend\u00fcrnbach 272 <br \/>2164 Wildend\u00fcrnbach, \u00d6sterreich <br \/>E-Mail: <a href=\"mailto:office@bruckner-schmitzer.at\">office@bruckner-schmitzer.at<\/a><\/p><p>Firmenbuchnummer: FN 648471i <br \/>Firmenbuchgericht: Korneuburg <br \/>UID-Nummer: ATU 819 241 89<\/p><p><strong>2. Erhebung und Verarbeitung personenbezogener Daten<\/strong><\/p><p><span style=\"text-decoration: underline;\">Kontaktformular<\/span><\/p><p>Wenn Sie per Formular auf der Website oder per E-Mail Kontakt mit uns aufnehmen, werden Ihre angegebenen Daten (Name, E-Mail-Adresse sowie Ihre Nachricht) zwecks Bearbeitung der Anfrage und f\u00fcr den Fall von Anschlussfragen bei uns gespeichert. Diese Daten geben wir nicht ohne Ihre Einwilligung weiter.<\/p><p class=\"\" data-start=\"214\" data-end=\"506\"><strong style=\"font-size: 1em; text-align: var(--text-align);\" data-start=\"508\" data-end=\"543\">Verwendung von Google reCAPTCHA<\/strong><\/p><p class=\"\" data-start=\"508\" data-end=\"1077\">Zum Schutz vor Missbrauch unserer Formulare und zur Vermeidung von Spam verwenden wir auf unserer Website den Dienst <strong data-start=\"663\" data-end=\"683\">Google reCAPTCHA<\/strong> der Google Ireland Limited, Gordon House, Barrow Street, Dublin 4, Irland (\u201eGoogle\u201c).<br data-start=\"769\" data-end=\"772\" \/>reCAPTCHA \u00fcberpr\u00fcft, ob die Dateneingabe auf unserer Website (z.B. im Kontaktformular) durch einen Menschen oder durch ein automatisiertes Programm erfolgt. Hierzu analysiert reCAPTCHA das Verhalten des Websitebesuchers anhand verschiedener Merkmale, wie z.B. IP-Adresse, Verweildauer oder Mausbewegungen.<\/p><p class=\"\" data-start=\"1079\" data-end=\"1540\">Die Nutzung von reCAPTCHA erfolgt auf Grundlage von <strong data-start=\"1131\" data-end=\"1161\">Art. 6 Abs. 1 lit. f DSGVO<\/strong>. Wir haben ein berechtigtes Interesse daran, unsere Website vor missbr\u00e4uchlicher automatisierter Aussp\u00e4hung und vor Spam zu sch\u00fctzen.<br data-start=\"1295\" data-end=\"1298\" \/>Weitere Informationen zur Datenverarbeitung durch Google reCAPTCHA sowie zu Ihren Rechten und Einstellungsm\u00f6glichkeiten zum Schutz Ihrer Privatsph\u00e4re finden Sie in den <a class=\"cursor-pointer\" target=\"_new\" rel=\"noopener\" data-start=\"1466\" data-end=\"1539\">Datenschutzbestimmungen von Google<\/a>.<\/p><p><strong>Verwendung von Google Analytics<\/strong><\/p><p class=\"\" data-start=\"299\" data-end=\"791\">Unsere Website nutzt <strong data-start=\"320\" data-end=\"340\">Google Analytics<\/strong>, einen Webanalysedienst der Google Ireland Limited, Gordon House, Barrow Street, Dublin 4, Irland (\u201eGoogle\u201c). Google Analytics verwendet sogenannte \u201eCookies\u201c, Textdateien, die auf Ihrem Endger\u00e4t gespeichert werden und eine Analyse der Benutzung der Website durch Sie erm\u00f6glichen. Die durch das Cookie erzeugten Informationen \u00fcber Ihre Benutzung dieser Website werden in der Regel an einen Server von Google in den USA \u00fcbertragen und dort gespeichert.<\/p><p class=\"\" data-start=\"793\" data-end=\"1159\">Wir haben die <strong data-start=\"807\" data-end=\"828\">IP-Anonymisierung<\/strong> auf dieser Website aktiviert, sodass Ihre IP-Adresse von Google innerhalb der Europ\u00e4ischen Union oder in anderen Vertragsstaaten des Abkommens \u00fcber den Europ\u00e4ischen Wirtschaftsraum vor der \u00dcbermittlung gek\u00fcrzt wird. Nur in Ausnahmef\u00e4llen wird die volle IP-Adresse an einen Server von Google in den USA \u00fcbertragen und dort gek\u00fcrzt.<\/p><p class=\"\" data-start=\"1161\" data-end=\"1354\">Die Verarbeitung erfolgt auf Grundlage von Art. 6 Abs. 1 lit. a DSGVO (Einwilligung). Ihre Einwilligung k\u00f6nnen Sie jederzeit mit Wirkung f\u00fcr die Zukunft \u00fcber unser <strong data-start=\"1325\" data-end=\"1342\">Cookie-Banner<\/strong> widerrufen.<\/p><p class=\"\" data-start=\"1356\" data-end=\"1497\">Weitere Informationen zum Datenschutz bei Google finden Sie unter: <a class=\"cursor-pointer\" href=\"_wp_link_placeholder\" target=\"_new\" rel=\"noopener\" data-start=\"1423\" data-end=\"1497\" data-wplink-edit=\"true\">https:\/\/policies.google.com\/privacy<\/a><\/p><p><strong>Verwendung von Cookies<\/strong><\/p><p>Unsere Website verwendet sogenannte Cookies. Dabei handelt es sich um kleine Textdateien, die mit Hilfe des Browsers auf Ihrem Endger\u00e4t abgelegt werden. Cookies richten keinen Schaden an. Wir nutzen Cookies dazu, unser Angebot nutzerfreundlich zu gestalten.<\/p><p>Beim erstmaligen Besuch unserer Website haben Sie \u00fcber den Cookiebanner von <span style=\"text-decoration: underline;\">Complianz<\/span>\u00a0die M\u00f6glichkeit, der Verwendung von Cookies zuzustimmen oder diese anzupassen.<\/p><p>Mehr Informationen dazu finden Sie in unserer Cookie-Richtlinie.<\/p><p>Einsatz von WordPress-Plugins<\/p><p>Unsere Website nutzt folgende Tools:<\/p><ol><li><span style=\"text-decoration: underline;\">Elementor Pro<\/span>\u00a0zur Erstellung und Gestaltung der Website.<\/li><li><span style=\"text-decoration: underline;\">Yoast SEO<\/span> zur Optimierung unserer Inhalte f\u00fcr Suchmaschinen.<\/li><li><span style=\"text-decoration: underline;\">Complianz <\/span>zur Verwaltung der Cookie-Einwilligungen.<\/li><li><span style=\"text-decoration: underline;\">WP Migrate<\/span> (ehemals WP Migrate DB Pro): Wird genutzt, um Website-Datenbanken und Dateien f\u00fcr Wartung, Entwicklung oder Migration effizient zu \u00fcbertragen oder zu synchronisieren. Im Zuge der Nutzung k\u00f6nnen technische Daten (z.B. Serverinformationen, WordPress-Datenbankinhalte) verarbeitet werden. Es findet jedoch grunds\u00e4tzlich keine Verarbeitung personenbezogener Daten der Website-Besucher zu Marketingzwecken statt.\u00a0<span style=\"font-size: 1em; text-align: var(--text-align);\">Diese Plugins verarbeiten in der Regel keine personenbezogenen Daten, es sei denn, dies wird ausdr\u00fccklich im Zusammenhang mit der jeweiligen Funktion angegeben.<\/span><\/li><\/ol><p><strong>Fotos<\/strong><\/p><p>Unsere verwendeten Bilder stammen von **Envato Elements**. Bei diesen handelt es sich um lizenzierte Inhalte; personenbezogene Daten werden durch die Anzeige dieser Bilder nicht verarbeitet.<\/p><p><strong>3. Ihre Rechte<\/strong><\/p><p>Ihnen stehen grunds\u00e4tzlich folgende Rechte zu:<\/p><p>&#8211; Auskunft (Art. 15 DSGVO) <br \/>&#8211; Berichtigung (Art. 16 DSGVO) <br \/>&#8211; L\u00f6schung (\u201eRecht auf Vergessenwerden\u201c, Art. 17 DSGVO) <br \/>&#8211; Einschr\u00e4nkung der Verarbeitung (Art. 18 DSGVO) <br \/>&#8211; Daten\u00fcbertragbarkeit (Art. 20 DSGVO) <br \/>&#8211; Widerspruch gegen die Verarbeitung (Art. 21 DSGVO) <br \/>&#8211; Widerruf einer erteilten Einwilligung (Art. 7 Abs. 3 DSGVO)<\/p><p>Wenn Sie glauben, dass die Verarbeitung Ihrer Daten gegen das Datenschutzrecht verst\u00f6\u00dft oder Ihre datenschutzrechtlichen Anspr\u00fcche sonst in einer Weise verletzt worden sind, k\u00f6nnen Sie sich bei der Aufsichtsbeh\u00f6rde beschweren. In \u00d6sterreich ist dies die Datenschutzbeh\u00f6rde (www.dsb.gv.at).<\/p><p><strong>4. Datensicherheit<\/strong><\/p><p>Wir treffen geeignete technische und organisatorische Ma\u00dfnahmen, um Ihre personenbezogenen Daten vor Verlust, Zugriff und Missbrauch zu sch\u00fctzen.<\/p><p><strong>5. \u00c4nderungen dieser Datenschutzerkl\u00e4rung<\/strong><\/p><p>Wir behalten uns vor, diese Datenschutzerkl\u00e4rung anzupassen, damit sie stets den aktuellen rechtlichen Anforderungen entspricht oder um \u00c4nderungen unserer Leistungen in der Datenschutzerkl\u00e4rung umzusetzen (z.B. bei der Einf\u00fchrung neuer Services).<\/p>\t\t\t\t\t\t\t\t<\/div>\n\t\t\t\t<\/div>\n\t\t\t\t\t<\/div>\n\t\t\t\t<\/div>\n\t\t\t\t<\/div>\n\t\t","protected":false},"excerpt":{"rendered":"<p>dsgvo &#8211; datenschutzerkl\u00e4rung Der Schutz Ihrer pers\u00f6nlichen Daten ist uns ein besonderes Anliegen. Wir, die bruckner schmitzer gmbh, verarbeiten Ihre Daten daher ausschlie\u00dflich auf Grundlage der gesetzlichen Bestimmungen (DSGVO, TKG 2003). In dieser Datenschutzerkl\u00e4rung informieren wir Sie \u00fcber die wichtigsten Aspekte der Datenverarbeitung im Rahmen unserer Website. 1. Verantwortlicher bruckner schmitzer gmbhWildend\u00fcrnbach 272 2164 Wildend\u00fcrnbach, [&hellip;]<\/p>\n","protected":false},"author":1,"featured_media":0,"parent":0,"menu_order":0,"comment_status":"closed","ping_status":"closed","template":"","meta":{"footnotes":""},"class_list":["post-863","page","type-page","status-publish","hentry"],"_links":{"self":[{"href":"https:\/\/www.bruckner-schmitzer.at\/index.php?rest_route=\/wp\/v2\/pages\/863","targetHints":{"allow":["GET"]}}],"collection":[{"href":"https:\/\/www.bruckner-schmitzer.at\/index.php?rest_route=\/wp\/v2\/pages"}],"about":[{"href":"https:\/\/www.bruckner-schmitzer.at\/index.php?rest_route=\/wp\/v2\/types\/page"}],"author":[{"embeddable":true,"href":"https:\/\/www.bruckner-schmitzer.at\/index.php?rest_route=\/wp\/v2\/users\/1"}],"replies":[{"embeddable":true,"href":"https:\/\/www.bruckner-schmitzer.at\/index.php?rest_route=%2Fwp%2Fv2%2Fcomments&post=863"}],"version-history":[{"count":29,"href":"https:\/\/www.bruckner-schmitzer.at\/index.php?rest_route=\/wp\/v2\/pages\/863\/revisions"}],"predecessor-version":[{"id":1298,"href":"https:\/\/www.bruckner-schmitzer.at\/index.php?rest_route=\/wp\/v2\/pages\/863\/revisions\/1298"}],"wp:attachment":[{"href":"https:\/\/www.bruckner-schmitzer.at\/index.php?rest_route=%2Fwp%2Fv2%2Fmedia&parent=863"}],"curies":[{"name":"wp","href":"https:\/\/api.w.org\/{rel}","templated":true}]}}