{"id":840,"date":"2025-04-25T19:29:45","date_gmt":"2025-04-25T19:29:45","guid":{"rendered":"https:\/\/www.bruckner-schmitzer.at\/?page_id=840"},"modified":"2025-04-29T18:29:34","modified_gmt":"2025-04-29T18:29:34","slug":"impressum-2","status":"publish","type":"page","link":"https:\/\/www.bruckner-schmitzer.at\/?page_id=840","title":{"rendered":"impressum"},"content":{"rendered":"\t\t<div data-elementor-type=\"wp-page\" data-elementor-id=\"840\" class=\"elementor elementor-840\" data-elementor-post-type=\"page\">\n\t\t\t\t<div class=\"elementor-element elementor-element-bbd7249 e-flex e-con-boxed e-con e-parent\" data-id=\"bbd7249\" data-element_type=\"container\" data-e-type=\"container\">\n\t\t\t\t\t<div class=\"e-con-inner\">\n\t\t\t\t<div class=\"elementor-element elementor-element-24aa744 elementor-widget elementor-widget-heading\" data-id=\"24aa744\" data-element_type=\"widget\" data-e-type=\"widget\" data-widget_type=\"heading.default\">\n\t\t\t\t<div class=\"elementor-widget-container\">\n\t\t\t\t\t<h1 class=\"elementor-heading-title elementor-size-default\">impressum<\/h1>\t\t\t\t<\/div>\n\t\t\t\t<\/div>\n\t\t\t\t\t<\/div>\n\t\t\t\t<\/div>\n\t\t<div class=\"elementor-element elementor-element-cf34561 e-flex e-con-boxed e-con e-parent\" data-id=\"cf34561\" data-element_type=\"container\" data-e-type=\"container\">\n\t\t\t\t\t<div class=\"e-con-inner\">\n\t\t\t\t<div class=\"elementor-element elementor-element-c8662d8 elementor-widget elementor-widget-text-editor\" data-id=\"c8662d8\" data-element_type=\"widget\" data-e-type=\"widget\" data-widget_type=\"text-editor.default\">\n\t\t\t\t<div class=\"elementor-widget-container\">\n\t\t\t\t\t\t\t\t\t<p><strong>Firmenwortlaut:<\/strong> bruckner schmitzer gmbh<br \/>Gesellschaft mit beschr\u00e4nkter Haftung<br \/><strong>Unternehmensgegenstand:<\/strong>\u00a0Baumeistergewerbe<br \/><strong>UID-Nummer:<\/strong> ATU 819 241 89<br \/><strong>Firmenbuchnummer:<\/strong> FN 648471i<br \/><strong>Firmenbuchgericht:<\/strong> Korneuburg<br \/><strong>Firmensitz:<\/strong> 2164 Wildend\u00fcrnbach<br \/><strong>Anschrift:<\/strong> Wildend\u00fcrnbach 272<br \/><strong>Kontaktdaten:<\/strong> office@bruckner-schmitzer.at<br \/><strong>Festnetz:<\/strong> 02572\/53953-10<br \/><strong>Mitgliedschaften<\/strong> bei der Wirtschaftskammerorganisation Mitglied der Wirtschaftskammer Nieder\u00f6sterreich, Landesinnung Bau<br \/>Anwendbare Rechtsvorschriften und Zugang dazu <strong>Gewerbeordnung<\/strong>: www.ris.bka.gv.at<br \/><strong>Gewerbebeh\u00f6rde<\/strong> Bezirkshauptmannschaft Mistelbach<br \/><strong>Berufsbezeichnung<\/strong> Baumeister<br \/><strong>Verleihungsstaat<\/strong> Meisterpr\u00fcfung abgelegt in \u00d6sterreich<\/p>\t\t\t\t\t\t\t\t<\/div>\n\t\t\t\t<\/div>\n\t\t\t\t\t<\/div>\n\t\t\t\t<\/div>\n\t\t\t\t<\/div>\n\t\t","protected":false},"excerpt":{"rendered":"<p>impressum Firmenwortlaut: bruckner schmitzer gmbhGesellschaft mit beschr\u00e4nkter HaftungUnternehmensgegenstand:\u00a0BaumeistergewerbeUID-Nummer: ATU 819 241 89Firmenbuchnummer: FN 648471iFirmenbuchgericht: KorneuburgFirmensitz: 2164 Wildend\u00fcrnbachAnschrift: Wildend\u00fcrnbach 272Kontaktdaten: office@bruckner-schmitzer.atFestnetz: 02572\/53953-10Mitgliedschaften bei der Wirtschaftskammerorganisation Mitglied der Wirtschaftskammer Nieder\u00f6sterreich, Landesinnung BauAnwendbare Rechtsvorschriften und Zugang dazu Gewerbeordnung: www.ris.bka.gv.atGewerbebeh\u00f6rde Bezirkshauptmannschaft MistelbachBerufsbezeichnung BaumeisterVerleihungsstaat Meisterpr\u00fcfung abgelegt in \u00d6sterreich<\/p>\n","protected":false},"author":1,"featured_media":0,"parent":0,"menu_order":0,"comment_status":"closed","ping_status":"closed","template":"","meta":{"footnotes":""},"class_list":["post-840","page","type-page","status-publish","hentry"],"_links":{"self":[{"href":"https:\/\/www.bruckner-schmitzer.at\/index.php?rest_route=\/wp\/v2\/pages\/840","targetHints":{"allow":["GET"]}}],"collection":[{"href":"https:\/\/www.bruckner-schmitzer.at\/index.php?rest_route=\/wp\/v2\/pages"}],"about":[{"href":"https:\/\/www.bruckner-schmitzer.at\/index.php?rest_route=\/wp\/v2\/types\/page"}],"author":[{"embeddable":true,"href":"https:\/\/www.bruckner-schmitzer.at\/index.php?rest_route=\/wp\/v2\/users\/1"}],"replies":[{"embeddable":true,"href":"https:\/\/www.bruckner-schmitzer.at\/index.php?rest_route=%2Fwp%2Fv2%2Fcomments&post=840"}],"version-history":[{"count":19,"href":"https:\/\/www.bruckner-schmitzer.at\/index.php?rest_route=\/wp\/v2\/pages\/840\/revisions"}],"predecessor-version":[{"id":974,"href":"https:\/\/www.bruckner-schmitzer.at\/index.php?rest_route=\/wp\/v2\/pages\/840\/revisions\/974"}],"wp:attachment":[{"href":"https:\/\/www.bruckner-schmitzer.at\/index.php?rest_route=%2Fwp%2Fv2%2Fmedia&parent=840"}],"curies":[{"name":"wp","href":"https:\/\/api.w.org\/{rel}","templated":true}]}}