{"id":726,"date":"2025-04-23T23:42:37","date_gmt":"2025-04-23T23:42:37","guid":{"rendered":"https:\/\/www.bruckner-schmitzer.at\/?page_id=726"},"modified":"2025-10-19T17:32:21","modified_gmt":"2025-10-19T17:32:21","slug":"bau","status":"publish","type":"page","link":"https:\/\/www.bruckner-schmitzer.at\/?page_id=726","title":{"rendered":"bau"},"content":{"rendered":"\t\t<div data-elementor-type=\"wp-page\" data-elementor-id=\"726\" class=\"elementor elementor-726\" data-elementor-post-type=\"page\">\n\t\t\t\t<div class=\"elementor-element elementor-element-bfbb215 e-flex e-con-boxed e-con e-parent\" data-id=\"bfbb215\" data-element_type=\"container\" data-e-type=\"container\">\n\t\t\t\t\t<div class=\"e-con-inner\">\n\t\t\t\t<div class=\"elementor-element elementor-element-da2ef51 elementor-widget elementor-widget-heading\" data-id=\"da2ef51\" data-element_type=\"widget\" data-e-type=\"widget\" data-widget_type=\"heading.default\">\n\t\t\t\t<div class=\"elementor-widget-container\">\n\t\t\t\t\t<h1 class=\"elementor-heading-title elementor-size-default\">bau<\/h1>\t\t\t\t<\/div>\n\t\t\t\t<\/div>\n\t\t<div class=\"elementor-element elementor-element-ee90826 e-grid e-con-full e-con e-child\" data-id=\"ee90826\" data-element_type=\"container\" data-e-type=\"container\">\n\t\t\t\t<div class=\"elementor-element elementor-element-dc96bf4 elementor-icon-list--layout-inline elementor-align-start elementor-list-item-link-full_width elementor-widget elementor-widget-icon-list\" data-id=\"dc96bf4\" data-element_type=\"widget\" data-e-type=\"widget\" data-widget_type=\"icon-list.default\">\n\t\t\t\t<div class=\"elementor-widget-container\">\n\t\t\t\t\t\t\t<ul class=\"elementor-icon-list-items elementor-inline-items\">\n\t\t\t\t\t\t\t<li class=\"elementor-icon-list-item elementor-inline-item\">\n\t\t\t\t\t\t\t\t\t\t\t<a href=\"https:\/\/www.bruckner-schmitzer.at\/?page_id=724\">\n\n\t\t\t\t\t\t\t\t\t\t\t\t<span class=\"elementor-icon-list-icon\">\n\t\t\t\t\t\t\t<svg aria-hidden=\"true\" class=\"e-font-icon-svg e-fas-chevron-left\" viewBox=\"0 0 320 512\" xmlns=\"http:\/\/www.w3.org\/2000\/svg\"><path d=\"M34.52 239.03L228.87 44.69c9.37-9.37 24.57-9.37 33.94 0l22.67 22.67c9.36 9.36 9.37 24.52.04 33.9L131.49 256l154.02 154.75c9.34 9.38 9.32 24.54-.04 33.9l-22.67 22.67c-9.37 9.37-24.57 9.37-33.94 0L34.52 272.97c-9.37-9.37-9.37-24.57 0-33.94z\"><\/path><\/svg>\t\t\t\t\t\t<\/span>\n\t\t\t\t\t\t\t\t\t\t<span class=\"elementor-icon-list-text\">projektmanagement<\/span>\n\t\t\t\t\t\t\t\t\t\t\t<\/a>\n\t\t\t\t\t\t\t\t\t<\/li>\n\t\t\t\t\t\t<\/ul>\n\t\t\t\t\t\t<\/div>\n\t\t\t\t<\/div>\n\t\t\t\t<div class=\"elementor-element elementor-element-5710205 elementor-icon-list--layout-inline elementor-align-end elementor-list-item-link-full_width elementor-widget elementor-widget-icon-list\" data-id=\"5710205\" data-element_type=\"widget\" data-e-type=\"widget\" data-widget_type=\"icon-list.default\">\n\t\t\t\t<div class=\"elementor-widget-container\">\n\t\t\t\t\t\t\t<ul class=\"elementor-icon-list-items elementor-inline-items\">\n\t\t\t\t\t\t\t<li class=\"elementor-icon-list-item elementor-inline-item\">\n\t\t\t\t\t\t\t\t\t\t\t<a href=\"https:\/\/www.bruckner-schmitzer.at\/?page_id=718\">\n\n\t\t\t\t\t\t\t\t\t\t\t\t<span class=\"elementor-icon-list-icon\">\n\t\t\t\t\t\t\t<svg aria-hidden=\"true\" class=\"e-font-icon-svg e-fas-chevron-right\" viewBox=\"0 0 320 512\" xmlns=\"http:\/\/www.w3.org\/2000\/svg\"><path d=\"M285.476 272.971L91.132 467.314c-9.373 9.373-24.569 9.373-33.941 0l-22.667-22.667c-9.357-9.357-9.375-24.522-.04-33.901L188.505 256 34.484 101.255c-9.335-9.379-9.317-24.544.04-33.901l22.667-22.667c9.373-9.373 24.569-9.373 33.941 0L285.475 239.03c9.373 9.372 9.373 24.568.001 33.941z\"><\/path><\/svg>\t\t\t\t\t\t<\/span>\n\t\t\t\t\t\t\t\t\t\t<span class=\"elementor-icon-list-text\">projektentwicklung<\/span>\n\t\t\t\t\t\t\t\t\t\t\t<\/a>\n\t\t\t\t\t\t\t\t\t<\/li>\n\t\t\t\t\t\t<\/ul>\n\t\t\t\t\t\t<\/div>\n\t\t\t\t<\/div>\n\t\t\t\t<\/div>\n\t\t\t\t\t<\/div>\n\t\t\t\t<\/div>\n\t\t<div class=\"elementor-element elementor-element-be28373 e-flex e-con-boxed e-con e-parent\" data-id=\"be28373\" data-element_type=\"container\" data-e-type=\"container\" data-settings=\"{&quot;background_background&quot;:&quot;classic&quot;}\">\n\t\t\t\t\t<div class=\"e-con-inner\">\n\t\t<div class=\"elementor-element elementor-element-bda9aad e-con-full e-flex e-con e-child\" data-id=\"bda9aad\" data-element_type=\"container\" data-e-type=\"container\">\n\t\t\t\t<div class=\"elementor-element elementor-element-0bafff8 hover-swap image4 elementor-widget elementor-widget-image\" data-id=\"0bafff8\" data-element_type=\"widget\" data-e-type=\"widget\" id=\"image4\" data-widget_type=\"image.default\">\n\t\t\t\t<div class=\"elementor-widget-container\">\n\t\t\t\t\t\t\t\t\t\t\t\t\t\t\t<img fetchpriority=\"high\" decoding=\"async\" width=\"800\" height=\"635\" src=\"data:image\/gif;base64,R0lGODlhAQABAIAAAAAAAP\/\/\/yH5BAEAAAAALAAAAAABAAEAAAIBRAA7\" data-src=\"https:\/\/www.bruckner-schmitzer.at\/wp-content\/uploads\/2025\/04\/construction-cranes-skyscrapers-city-life-2025-02-21-22-01-07-utc-1024x813.jpg\" class=\"attachment-large size-large wp-image-336 lazyload\" alt=\"Leistung Bau bei Bruckner Schmitzer: Krank und Hochh\u00e4user und eine Ampel - schwarzwei\u00df\" data-srcset=\"https:\/\/www.bruckner-schmitzer.at\/wp-content\/uploads\/2025\/04\/construction-cranes-skyscrapers-city-life-2025-02-21-22-01-07-utc-1024x813.jpg 1024w, https:\/\/www.bruckner-schmitzer.at\/wp-content\/uploads\/2025\/04\/construction-cranes-skyscrapers-city-life-2025-02-21-22-01-07-utc-300x238.jpg 300w, https:\/\/www.bruckner-schmitzer.at\/wp-content\/uploads\/2025\/04\/construction-cranes-skyscrapers-city-life-2025-02-21-22-01-07-utc-768x610.jpg 768w, https:\/\/www.bruckner-schmitzer.at\/wp-content\/uploads\/2025\/04\/construction-cranes-skyscrapers-city-life-2025-02-21-22-01-07-utc-1536x1220.jpg 1536w, https:\/\/www.bruckner-schmitzer.at\/wp-content\/uploads\/2025\/04\/construction-cranes-skyscrapers-city-life-2025-02-21-22-01-07-utc-2048x1626.jpg 2048w\" sizes=\"(max-width: 800px) 100vw, 800px\" \/><noscript><img decoding=\"async\" width=\"800\" height=\"635\" src=\"https:\/\/www.bruckner-schmitzer.at\/wp-content\/uploads\/2025\/04\/construction-cranes-skyscrapers-city-life-2025-02-21-22-01-07-utc-1024x813.jpg\" class=\"attachment-large size-large wp-image-336 lazyload\" alt=\"Leistung Bau bei Bruckner Schmitzer: Krank und Hochh\u00e4user und eine Ampel - schwarzwei\u00df\" srcset=\"https:\/\/www.bruckner-schmitzer.at\/wp-content\/uploads\/2025\/04\/construction-cranes-skyscrapers-city-life-2025-02-21-22-01-07-utc-1024x813.jpg 1024w, https:\/\/www.bruckner-schmitzer.at\/wp-content\/uploads\/2025\/04\/construction-cranes-skyscrapers-city-life-2025-02-21-22-01-07-utc-300x238.jpg 300w, https:\/\/www.bruckner-schmitzer.at\/wp-content\/uploads\/2025\/04\/construction-cranes-skyscrapers-city-life-2025-02-21-22-01-07-utc-768x610.jpg 768w, https:\/\/www.bruckner-schmitzer.at\/wp-content\/uploads\/2025\/04\/construction-cranes-skyscrapers-city-life-2025-02-21-22-01-07-utc-1536x1220.jpg 1536w, https:\/\/www.bruckner-schmitzer.at\/wp-content\/uploads\/2025\/04\/construction-cranes-skyscrapers-city-life-2025-02-21-22-01-07-utc-2048x1626.jpg 2048w\" sizes=\"(max-width: 800px) 100vw, 800px\" \/><\/noscript>\t\t\t\t\t\t\t\t\t\t\t\t\t\t\t<\/div>\n\t\t\t\t<\/div>\n\t\t\t\t<\/div>\n\t\t<div class=\"elementor-element elementor-element-0deb9e9 e-con-full e-flex e-con e-child\" data-id=\"0deb9e9\" data-element_type=\"container\" data-e-type=\"container\">\n\t\t\t\t<div class=\"elementor-element elementor-element-81a1926 elementor-widget elementor-widget-text-editor\" data-id=\"81a1926\" data-element_type=\"widget\" data-e-type=\"widget\" data-widget_type=\"text-editor.default\">\n\t\t\t\t<div class=\"elementor-widget-container\">\n\t\t\t\t\t\t\t\t\t<p>Manches Mal \u00e4ndern sich die Lebensumst\u00e4nde, auch das Zuhause kann sich dessen anpassen.<\/p>\t\t\t\t\t\t\t\t<\/div>\n\t\t\t\t<\/div>\n\t\t\t\t<div class=\"elementor-element elementor-element-6aabde8 elementor-widget elementor-widget-heading\" data-id=\"6aabde8\" data-element_type=\"widget\" data-e-type=\"widget\" data-widget_type=\"heading.default\">\n\t\t\t\t<div class=\"elementor-widget-container\">\n\t\t\t\t\t<h2 class=\"elementor-heading-title elementor-size-default\">Sanierung und umbauten<\/h2>\t\t\t\t<\/div>\n\t\t\t\t<\/div>\n\t\t\t\t<div class=\"elementor-element elementor-element-0c8d3da elementor-widget elementor-widget-text-editor\" data-id=\"0c8d3da\" data-element_type=\"widget\" data-e-type=\"widget\" data-widget_type=\"text-editor.default\">\n\t\t\t\t<div class=\"elementor-widget-container\">\n\t\t\t\t\t\t\t\t\t<p>Wissen, wo man ansetzt. Alte Bausubstanz zu revitalisieren, und diese an die Anforderungen der heutigen Zeit anzupassen erfordert spezielles Fachwissen. Wir k\u00f6nnen Sie hier entsprechend unterst\u00fctzen.<\/p>\t\t\t\t\t\t\t\t<\/div>\n\t\t\t\t<\/div>\n\t\t\t\t<div class=\"elementor-element elementor-element-e5e4175 elementor-widget elementor-widget-heading\" data-id=\"e5e4175\" data-element_type=\"widget\" data-e-type=\"widget\" data-widget_type=\"heading.default\">\n\t\t\t\t<div class=\"elementor-widget-container\">\n\t\t\t\t\t<h2 class=\"elementor-heading-title elementor-size-default\">holzmodulbauweise in massivholz<\/h2>\t\t\t\t<\/div>\n\t\t\t\t<\/div>\n\t\t\t\t<div class=\"elementor-element elementor-element-ae3e5c7 elementor-widget elementor-widget-text-editor\" data-id=\"ae3e5c7\" data-element_type=\"widget\" data-e-type=\"widget\" data-widget_type=\"text-editor.default\">\n\t\t\t\t<div class=\"elementor-widget-container\">\n\t\t\t\t\t\t\t\t\tDas perfekte Know-How des Bauingenieurs und Baumeisters mit dem Holzbau vereint. Der Holzbau ist perfekt, um Flexibilit\u00e4t und Schnelligkeit im Bau zu verbinden. Wir arbeiten direkt mit der Industrie zusammen und entwickeln Ihnen Ihre ma\u00dfgeschneiderte L\u00f6sung im Neubau sowie in der Revitalisierung.\t\t\t\t\t\t\t\t<\/div>\n\t\t\t\t<\/div>\n\t\t\t\t<div class=\"elementor-element elementor-element-907ea72 elementor-widget elementor-widget-heading\" data-id=\"907ea72\" data-element_type=\"widget\" data-e-type=\"widget\" data-widget_type=\"heading.default\">\n\t\t\t\t<div class=\"elementor-widget-container\">\n\t\t\t\t\t<h2 class=\"elementor-heading-title elementor-size-default\">Kernbohrungen<\/h2>\t\t\t\t<\/div>\n\t\t\t\t<\/div>\n\t\t\t\t<div class=\"elementor-element elementor-element-6b413a6 elementor-align-left elementor-mobile-align-center elementor-invisible elementor-widget elementor-widget-button\" data-id=\"6b413a6\" data-element_type=\"widget\" data-e-type=\"widget\" data-settings=\"{&quot;_animation&quot;:&quot;fadeInUp&quot;}\" data-widget_type=\"button.default\">\n\t\t\t\t<div class=\"elementor-widget-container\">\n\t\t\t\t\t\t\t\t\t<div class=\"elementor-button-wrapper\">\n\t\t\t\t\t<a class=\"elementor-button elementor-button-link elementor-size-sm elementor-animation-bob\" href=\"https:\/\/www.bruckner-schmitzer.at\/\" target=\"_blank\">\n\t\t\t\t\t\t<span class=\"elementor-button-content-wrapper\">\n\t\t\t\t\t\t<span class=\"elementor-button-icon\">\n\t\t\t\t<i aria-hidden=\"true\" class=\"icon icon-chevron-left\"><\/i>\t\t\t<\/span>\n\t\t\t\t\t\t\t\t\t<span class=\"elementor-button-text\">zur startseite<\/span>\n\t\t\t\t\t<\/span>\n\t\t\t\t\t<\/a>\n\t\t\t\t<\/div>\n\t\t\t\t\t\t\t\t<\/div>\n\t\t\t\t<\/div>\n\t\t\t\t<\/div>\n\t\t\t\t\t<\/div>\n\t\t\t\t<\/div>\n\t\t\t\t<\/div>\n\t\t","protected":false},"excerpt":{"rendered":"<p>bau projektmanagement projektentwicklung Manches Mal \u00e4ndern sich die Lebensumst\u00e4nde, auch das Zuhause kann sich dessen anpassen. Sanierung und umbauten Wissen, wo man ansetzt. Alte Bausubstanz zu revitalisieren, und diese an die Anforderungen der heutigen Zeit anzupassen erfordert spezielles Fachwissen. Wir k\u00f6nnen Sie hier entsprechend unterst\u00fctzen. holzmodulbauweise in massivholz Das perfekte Know-How des Bauingenieurs und Baumeisters [&hellip;]<\/p>\n","protected":false},"author":1,"featured_media":0,"parent":0,"menu_order":0,"comment_status":"closed","ping_status":"closed","template":"","meta":{"footnotes":""},"class_list":["post-726","page","type-page","status-publish","hentry"],"_links":{"self":[{"href":"https:\/\/www.bruckner-schmitzer.at\/index.php?rest_route=\/wp\/v2\/pages\/726","targetHints":{"allow":["GET"]}}],"collection":[{"href":"https:\/\/www.bruckner-schmitzer.at\/index.php?rest_route=\/wp\/v2\/pages"}],"about":[{"href":"https:\/\/www.bruckner-schmitzer.at\/index.php?rest_route=\/wp\/v2\/types\/page"}],"author":[{"embeddable":true,"href":"https:\/\/www.bruckner-schmitzer.at\/index.php?rest_route=\/wp\/v2\/users\/1"}],"replies":[{"embeddable":true,"href":"https:\/\/www.bruckner-schmitzer.at\/index.php?rest_route=%2Fwp%2Fv2%2Fcomments&post=726"}],"version-history":[{"count":53,"href":"https:\/\/www.bruckner-schmitzer.at\/index.php?rest_route=\/wp\/v2\/pages\/726\/revisions"}],"predecessor-version":[{"id":1377,"href":"https:\/\/www.bruckner-schmitzer.at\/index.php?rest_route=\/wp\/v2\/pages\/726\/revisions\/1377"}],"wp:attachment":[{"href":"https:\/\/www.bruckner-schmitzer.at\/index.php?rest_route=%2Fwp%2Fv2%2Fmedia&parent=726"}],"curies":[{"name":"wp","href":"https:\/\/api.w.org\/{rel}","templated":true}]}}