{"id":722,"date":"2025-04-23T23:42:04","date_gmt":"2025-04-23T23:42:04","guid":{"rendered":"https:\/\/www.bruckner-schmitzer.at\/?page_id=722"},"modified":"2025-07-02T19:40:26","modified_gmt":"2025-07-02T19:40:26","slug":"behoerdenmanagement","status":"publish","type":"page","link":"https:\/\/www.bruckner-schmitzer.at\/?page_id=722","title":{"rendered":"Beh\u00f6rdenmanagement"},"content":{"rendered":"\t\t<div data-elementor-type=\"wp-page\" data-elementor-id=\"722\" class=\"elementor elementor-722\" data-elementor-post-type=\"page\">\n\t\t\t\t<div class=\"elementor-element elementor-element-e0c637f e-flex e-con-boxed e-con e-parent\" data-id=\"e0c637f\" data-element_type=\"container\" data-e-type=\"container\">\n\t\t\t\t\t<div class=\"e-con-inner\">\n\t\t\t\t<div class=\"elementor-element elementor-element-f2ed47e elementor-widget elementor-widget-heading\" data-id=\"f2ed47e\" data-element_type=\"widget\" data-e-type=\"widget\" data-widget_type=\"heading.default\">\n\t\t\t\t<div class=\"elementor-widget-container\">\n\t\t\t\t\t<h1 class=\"elementor-heading-title elementor-size-default\">beh\u00f6rdenmanagement<\/h1>\t\t\t\t<\/div>\n\t\t\t\t<\/div>\n\t\t<div class=\"elementor-element elementor-element-f6c0e83 e-grid e-con-full e-con e-child\" data-id=\"f6c0e83\" data-element_type=\"container\" data-e-type=\"container\">\n\t\t\t\t<div class=\"elementor-element elementor-element-14fae1a elementor-icon-list--layout-inline elementor-align-start elementor-list-item-link-full_width elementor-widget elementor-widget-icon-list\" data-id=\"14fae1a\" data-element_type=\"widget\" data-e-type=\"widget\" data-widget_type=\"icon-list.default\">\n\t\t\t\t<div class=\"elementor-widget-container\">\n\t\t\t\t\t\t\t<ul class=\"elementor-icon-list-items elementor-inline-items\">\n\t\t\t\t\t\t\t<li class=\"elementor-icon-list-item elementor-inline-item\">\n\t\t\t\t\t\t\t\t\t\t\t<a href=\"https:\/\/www.bruckner-schmitzer.at\/?page_id=720\">\n\n\t\t\t\t\t\t\t\t\t\t\t\t<span class=\"elementor-icon-list-icon\">\n\t\t\t\t\t\t\t<svg aria-hidden=\"true\" class=\"e-font-icon-svg e-fas-chevron-left\" viewBox=\"0 0 320 512\" xmlns=\"http:\/\/www.w3.org\/2000\/svg\"><path d=\"M34.52 239.03L228.87 44.69c9.37-9.37 24.57-9.37 33.94 0l22.67 22.67c9.36 9.36 9.37 24.52.04 33.9L131.49 256l154.02 154.75c9.34 9.38 9.32 24.54-.04 33.9l-22.67 22.67c-9.37 9.37-24.57 9.37-33.94 0L34.52 272.97c-9.37-9.37-9.37-24.57 0-33.94z\"><\/path><\/svg>\t\t\t\t\t\t<\/span>\n\t\t\t\t\t\t\t\t\t\t<span class=\"elementor-icon-list-text\">planung<\/span>\n\t\t\t\t\t\t\t\t\t\t\t<\/a>\n\t\t\t\t\t\t\t\t\t<\/li>\n\t\t\t\t\t\t<\/ul>\n\t\t\t\t\t\t<\/div>\n\t\t\t\t<\/div>\n\t\t\t\t<div class=\"elementor-element elementor-element-2b1d361 elementor-icon-list--layout-inline elementor-align-end elementor-list-item-link-full_width elementor-widget elementor-widget-icon-list\" data-id=\"2b1d361\" data-element_type=\"widget\" data-e-type=\"widget\" data-widget_type=\"icon-list.default\">\n\t\t\t\t<div class=\"elementor-widget-container\">\n\t\t\t\t\t\t\t<ul class=\"elementor-icon-list-items elementor-inline-items\">\n\t\t\t\t\t\t\t<li class=\"elementor-icon-list-item elementor-inline-item\">\n\t\t\t\t\t\t\t\t\t\t\t<a href=\"https:\/\/www.bruckner-schmitzer.at\/?page_id=724\">\n\n\t\t\t\t\t\t\t\t\t\t\t\t<span class=\"elementor-icon-list-icon\">\n\t\t\t\t\t\t\t<svg aria-hidden=\"true\" class=\"e-font-icon-svg e-fas-chevron-right\" viewBox=\"0 0 320 512\" xmlns=\"http:\/\/www.w3.org\/2000\/svg\"><path d=\"M285.476 272.971L91.132 467.314c-9.373 9.373-24.569 9.373-33.941 0l-22.667-22.667c-9.357-9.357-9.375-24.522-.04-33.901L188.505 256 34.484 101.255c-9.335-9.379-9.317-24.544.04-33.901l22.667-22.667c9.373-9.373 24.569-9.373 33.941 0L285.475 239.03c9.373 9.372 9.373 24.568.001 33.941z\"><\/path><\/svg>\t\t\t\t\t\t<\/span>\n\t\t\t\t\t\t\t\t\t\t<span class=\"elementor-icon-list-text\">projektmanagement<\/span>\n\t\t\t\t\t\t\t\t\t\t\t<\/a>\n\t\t\t\t\t\t\t\t\t<\/li>\n\t\t\t\t\t\t<\/ul>\n\t\t\t\t\t\t<\/div>\n\t\t\t\t<\/div>\n\t\t\t\t<\/div>\n\t\t\t\t\t<\/div>\n\t\t\t\t<\/div>\n\t\t<div class=\"elementor-element elementor-element-c3843e9 e-flex e-con-boxed e-con e-parent\" data-id=\"c3843e9\" data-element_type=\"container\" data-e-type=\"container\" data-settings=\"{&quot;background_background&quot;:&quot;classic&quot;}\">\n\t\t\t\t\t<div class=\"e-con-inner\">\n\t\t<div class=\"elementor-element elementor-element-198b36e e-con-full e-flex e-con e-child\" data-id=\"198b36e\" data-element_type=\"container\" data-e-type=\"container\">\n\t\t\t\t<div class=\"elementor-element elementor-element-8bd84e5 elementor-widget elementor-widget-image\" data-id=\"8bd84e5\" data-element_type=\"widget\" data-e-type=\"widget\" data-widget_type=\"image.default\">\n\t\t\t\t<div class=\"elementor-widget-container\">\n\t\t\t\t\t\t\t\t\t\t\t\t\t\t\t<img fetchpriority=\"high\" decoding=\"async\" width=\"800\" height=\"534\" src=\"data:image\/gif;base64,R0lGODlhAQABAIAAAAAAAP\/\/\/yH5BAEAAAAALAAAAAABAAEAAAIBRAA7\" data-src=\"https:\/\/www.bruckner-schmitzer.at\/wp-content\/uploads\/2025\/04\/low-angle-view-of-modern-buildings-in-london-engl-2025-02-09-01-40-19-utc-1024x683.jpg\" class=\"attachment-large size-large wp-image-342 lazyload\" alt=\"Beh\u00f6rdenmanagement: Nahaufnahme eines modernen Geb\u00e4udes in England - schwarzwei\u00df Aufnahme\" data-srcset=\"https:\/\/www.bruckner-schmitzer.at\/wp-content\/uploads\/2025\/04\/low-angle-view-of-modern-buildings-in-london-engl-2025-02-09-01-40-19-utc-1024x683.jpg 1024w, https:\/\/www.bruckner-schmitzer.at\/wp-content\/uploads\/2025\/04\/low-angle-view-of-modern-buildings-in-london-engl-2025-02-09-01-40-19-utc-300x200.jpg 300w, https:\/\/www.bruckner-schmitzer.at\/wp-content\/uploads\/2025\/04\/low-angle-view-of-modern-buildings-in-london-engl-2025-02-09-01-40-19-utc-768x512.jpg 768w, https:\/\/www.bruckner-schmitzer.at\/wp-content\/uploads\/2025\/04\/low-angle-view-of-modern-buildings-in-london-engl-2025-02-09-01-40-19-utc-1536x1024.jpg 1536w, https:\/\/www.bruckner-schmitzer.at\/wp-content\/uploads\/2025\/04\/low-angle-view-of-modern-buildings-in-london-engl-2025-02-09-01-40-19-utc-2048x1366.jpg 2048w\" sizes=\"(max-width: 800px) 100vw, 800px\" \/><noscript><img decoding=\"async\" width=\"800\" height=\"534\" src=\"https:\/\/www.bruckner-schmitzer.at\/wp-content\/uploads\/2025\/04\/low-angle-view-of-modern-buildings-in-london-engl-2025-02-09-01-40-19-utc-1024x683.jpg\" class=\"attachment-large size-large wp-image-342 lazyload\" alt=\"Beh\u00f6rdenmanagement: Nahaufnahme eines modernen Geb\u00e4udes in England - schwarzwei\u00df Aufnahme\" srcset=\"https:\/\/www.bruckner-schmitzer.at\/wp-content\/uploads\/2025\/04\/low-angle-view-of-modern-buildings-in-london-engl-2025-02-09-01-40-19-utc-1024x683.jpg 1024w, https:\/\/www.bruckner-schmitzer.at\/wp-content\/uploads\/2025\/04\/low-angle-view-of-modern-buildings-in-london-engl-2025-02-09-01-40-19-utc-300x200.jpg 300w, https:\/\/www.bruckner-schmitzer.at\/wp-content\/uploads\/2025\/04\/low-angle-view-of-modern-buildings-in-london-engl-2025-02-09-01-40-19-utc-768x512.jpg 768w, https:\/\/www.bruckner-schmitzer.at\/wp-content\/uploads\/2025\/04\/low-angle-view-of-modern-buildings-in-london-engl-2025-02-09-01-40-19-utc-1536x1024.jpg 1536w, https:\/\/www.bruckner-schmitzer.at\/wp-content\/uploads\/2025\/04\/low-angle-view-of-modern-buildings-in-london-engl-2025-02-09-01-40-19-utc-2048x1366.jpg 2048w\" sizes=\"(max-width: 800px) 100vw, 800px\" \/><\/noscript>\t\t\t\t\t\t\t\t\t\t\t\t\t\t\t<\/div>\n\t\t\t\t<\/div>\n\t\t\t\t<\/div>\n\t\t<div class=\"elementor-element elementor-element-7754981 e-con-full e-flex e-con e-child\" data-id=\"7754981\" data-element_type=\"container\" data-e-type=\"container\">\n\t\t\t\t<div class=\"elementor-element elementor-element-c451275 elementor-widget elementor-widget-heading\" data-id=\"c451275\" data-element_type=\"widget\" data-e-type=\"widget\" data-widget_type=\"heading.default\">\n\t\t\t\t<div class=\"elementor-widget-container\">\n\t\t\t\t\t<h2 class=\"elementor-heading-title elementor-size-default\">gewerberechtliche &amp; baubeh\u00f6rdliche Begleitung der Projekte sowie Abwicklung<\/h2>\t\t\t\t<\/div>\n\t\t\t\t<\/div>\n\t\t\t\t<div class=\"elementor-element elementor-element-4e310cd elementor-widget elementor-widget-text-editor\" data-id=\"4e310cd\" data-element_type=\"widget\" data-e-type=\"widget\" data-widget_type=\"text-editor.default\">\n\t\t\t\t<div class=\"elementor-widget-container\">\n\t\t\t\t\t\t\t\t\t<p>Durch unsere langj\u00e4hrige Erfahrung im Gewerbebau k\u00f6nnen wir Ihr Projekt bau- und gewerbeh\u00f6rdlich in der Einreichung begleiten.<\/p><p>Wir w\u00fcrden uns freuen, wenn Sie uns Ihr Vertrauen schenken.<\/p>\t\t\t\t\t\t\t\t<\/div>\n\t\t\t\t<\/div>\n\t\t\t\t<div class=\"elementor-element elementor-element-e835dc4 elementor-align-left elementor-mobile-align-center elementor-invisible elementor-widget elementor-widget-button\" data-id=\"e835dc4\" data-element_type=\"widget\" data-e-type=\"widget\" data-settings=\"{&quot;_animation&quot;:&quot;fadeInUp&quot;}\" data-widget_type=\"button.default\">\n\t\t\t\t<div class=\"elementor-widget-container\">\n\t\t\t\t\t\t\t\t\t<div class=\"elementor-button-wrapper\">\n\t\t\t\t\t<a class=\"elementor-button elementor-button-link elementor-size-sm elementor-animation-bob\" href=\"https:\/\/www.bruckner-schmitzer.at\/\" target=\"_blank\">\n\t\t\t\t\t\t<span class=\"elementor-button-content-wrapper\">\n\t\t\t\t\t\t<span class=\"elementor-button-icon\">\n\t\t\t\t<i aria-hidden=\"true\" class=\"icon icon-chevron-left\"><\/i>\t\t\t<\/span>\n\t\t\t\t\t\t\t\t\t<span class=\"elementor-button-text\">zur startseite<\/span>\n\t\t\t\t\t<\/span>\n\t\t\t\t\t<\/a>\n\t\t\t\t<\/div>\n\t\t\t\t\t\t\t\t<\/div>\n\t\t\t\t<\/div>\n\t\t\t\t<\/div>\n\t\t\t\t\t<\/div>\n\t\t\t\t<\/div>\n\t\t\t\t<\/div>\n\t\t","protected":false},"excerpt":{"rendered":"<p>beh\u00f6rdenmanagement planung projektmanagement gewerberechtliche &amp; baubeh\u00f6rdliche Begleitung der Projekte sowie Abwicklung Durch unsere langj\u00e4hrige Erfahrung im Gewerbebau k\u00f6nnen wir Ihr Projekt bau- und gewerbeh\u00f6rdlich in der Einreichung begleiten. Wir w\u00fcrden uns freuen, wenn Sie uns Ihr Vertrauen schenken. zur startseite<\/p>\n","protected":false},"author":1,"featured_media":0,"parent":0,"menu_order":0,"comment_status":"closed","ping_status":"closed","template":"","meta":{"footnotes":""},"class_list":["post-722","page","type-page","status-publish","hentry"],"_links":{"self":[{"href":"https:\/\/www.bruckner-schmitzer.at\/index.php?rest_route=\/wp\/v2\/pages\/722","targetHints":{"allow":["GET"]}}],"collection":[{"href":"https:\/\/www.bruckner-schmitzer.at\/index.php?rest_route=\/wp\/v2\/pages"}],"about":[{"href":"https:\/\/www.bruckner-schmitzer.at\/index.php?rest_route=\/wp\/v2\/types\/page"}],"author":[{"embeddable":true,"href":"https:\/\/www.bruckner-schmitzer.at\/index.php?rest_route=\/wp\/v2\/users\/1"}],"replies":[{"embeddable":true,"href":"https:\/\/www.bruckner-schmitzer.at\/index.php?rest_route=%2Fwp%2Fv2%2Fcomments&post=722"}],"version-history":[{"count":29,"href":"https:\/\/www.bruckner-schmitzer.at\/index.php?rest_route=\/wp\/v2\/pages\/722\/revisions"}],"predecessor-version":[{"id":1291,"href":"https:\/\/www.bruckner-schmitzer.at\/index.php?rest_route=\/wp\/v2\/pages\/722\/revisions\/1291"}],"wp:attachment":[{"href":"https:\/\/www.bruckner-schmitzer.at\/index.php?rest_route=%2Fwp%2Fv2%2Fmedia&parent=722"}],"curies":[{"name":"wp","href":"https:\/\/api.w.org\/{rel}","templated":true}]}}