{"id":720,"date":"2025-04-23T23:41:51","date_gmt":"2025-04-23T23:41:51","guid":{"rendered":"https:\/\/www.bruckner-schmitzer.at\/?page_id=720"},"modified":"2025-10-19T17:31:27","modified_gmt":"2025-10-19T17:31:27","slug":"planung","status":"publish","type":"page","link":"https:\/\/www.bruckner-schmitzer.at\/?page_id=720","title":{"rendered":"planung"},"content":{"rendered":"\t\t<div data-elementor-type=\"wp-page\" data-elementor-id=\"720\" class=\"elementor elementor-720\" data-elementor-post-type=\"page\">\n\t\t\t\t<div class=\"elementor-element elementor-element-e102d82 e-flex e-con-boxed e-con e-parent\" data-id=\"e102d82\" data-element_type=\"container\" data-e-type=\"container\">\n\t\t\t\t\t<div class=\"e-con-inner\">\n\t\t\t\t<div class=\"elementor-element elementor-element-c52bb00 elementor-widget elementor-widget-heading\" data-id=\"c52bb00\" data-element_type=\"widget\" data-e-type=\"widget\" data-widget_type=\"heading.default\">\n\t\t\t\t<div class=\"elementor-widget-container\">\n\t\t\t\t\t<h1 class=\"elementor-heading-title elementor-size-default\">planung<\/h1>\t\t\t\t<\/div>\n\t\t\t\t<\/div>\n\t\t<div class=\"elementor-element elementor-element-a266b5e e-grid e-con-full e-con e-child\" data-id=\"a266b5e\" data-element_type=\"container\" data-e-type=\"container\">\n\t\t\t\t<div class=\"elementor-element elementor-element-d7056cb elementor-icon-list--layout-inline elementor-align-start elementor-list-item-link-full_width elementor-widget elementor-widget-icon-list\" data-id=\"d7056cb\" data-element_type=\"widget\" data-e-type=\"widget\" data-widget_type=\"icon-list.default\">\n\t\t\t\t<div class=\"elementor-widget-container\">\n\t\t\t\t\t\t\t<ul class=\"elementor-icon-list-items elementor-inline-items\">\n\t\t\t\t\t\t\t<li class=\"elementor-icon-list-item elementor-inline-item\">\n\t\t\t\t\t\t\t\t\t\t\t<a href=\"https:\/\/www.bruckner-schmitzer.at\/?page_id=718\">\n\n\t\t\t\t\t\t\t\t\t\t\t\t<span class=\"elementor-icon-list-icon\">\n\t\t\t\t\t\t\t<svg aria-hidden=\"true\" class=\"e-font-icon-svg e-fas-chevron-left\" viewBox=\"0 0 320 512\" xmlns=\"http:\/\/www.w3.org\/2000\/svg\"><path d=\"M34.52 239.03L228.87 44.69c9.37-9.37 24.57-9.37 33.94 0l22.67 22.67c9.36 9.36 9.37 24.52.04 33.9L131.49 256l154.02 154.75c9.34 9.38 9.32 24.54-.04 33.9l-22.67 22.67c-9.37 9.37-24.57 9.37-33.94 0L34.52 272.97c-9.37-9.37-9.37-24.57 0-33.94z\"><\/path><\/svg>\t\t\t\t\t\t<\/span>\n\t\t\t\t\t\t\t\t\t\t<span class=\"elementor-icon-list-text\">projektentwicklung<\/span>\n\t\t\t\t\t\t\t\t\t\t\t<\/a>\n\t\t\t\t\t\t\t\t\t<\/li>\n\t\t\t\t\t\t<\/ul>\n\t\t\t\t\t\t<\/div>\n\t\t\t\t<\/div>\n\t\t\t\t<div class=\"elementor-element elementor-element-0d784c9 elementor-icon-list--layout-inline elementor-align-end elementor-list-item-link-full_width elementor-widget elementor-widget-icon-list\" data-id=\"0d784c9\" data-element_type=\"widget\" data-e-type=\"widget\" data-widget_type=\"icon-list.default\">\n\t\t\t\t<div class=\"elementor-widget-container\">\n\t\t\t\t\t\t\t<ul class=\"elementor-icon-list-items elementor-inline-items\">\n\t\t\t\t\t\t\t<li class=\"elementor-icon-list-item elementor-inline-item\">\n\t\t\t\t\t\t\t\t\t\t\t<a href=\"https:\/\/www.bruckner-schmitzer.at\/?page_id=722\">\n\n\t\t\t\t\t\t\t\t\t\t\t\t<span class=\"elementor-icon-list-icon\">\n\t\t\t\t\t\t\t<svg aria-hidden=\"true\" class=\"e-font-icon-svg e-fas-chevron-right\" viewBox=\"0 0 320 512\" xmlns=\"http:\/\/www.w3.org\/2000\/svg\"><path d=\"M285.476 272.971L91.132 467.314c-9.373 9.373-24.569 9.373-33.941 0l-22.667-22.667c-9.357-9.357-9.375-24.522-.04-33.901L188.505 256 34.484 101.255c-9.335-9.379-9.317-24.544.04-33.901l22.667-22.667c9.373-9.373 24.569-9.373 33.941 0L285.475 239.03c9.373 9.372 9.373 24.568.001 33.941z\"><\/path><\/svg>\t\t\t\t\t\t<\/span>\n\t\t\t\t\t\t\t\t\t\t<span class=\"elementor-icon-list-text\">beh\u00f6rdenmanagement<\/span>\n\t\t\t\t\t\t\t\t\t\t\t<\/a>\n\t\t\t\t\t\t\t\t\t<\/li>\n\t\t\t\t\t\t<\/ul>\n\t\t\t\t\t\t<\/div>\n\t\t\t\t<\/div>\n\t\t\t\t<\/div>\n\t\t\t\t\t<\/div>\n\t\t\t\t<\/div>\n\t\t<div class=\"elementor-element elementor-element-86198e3 e-flex e-con-boxed e-con e-parent\" data-id=\"86198e3\" data-element_type=\"container\" data-e-type=\"container\" data-settings=\"{&quot;background_background&quot;:&quot;classic&quot;}\">\n\t\t\t\t\t<div class=\"e-con-inner\">\n\t\t<div class=\"elementor-element elementor-element-97b88a9 e-con-full e-flex e-con e-child\" data-id=\"97b88a9\" data-element_type=\"container\" data-e-type=\"container\">\n\t\t\t\t<div class=\"elementor-element elementor-element-e76c049 hover-swap image1 elementor-widget elementor-widget-image\" data-id=\"e76c049\" data-element_type=\"widget\" data-e-type=\"widget\" id=\"image1\" data-widget_type=\"image.default\">\n\t\t\t\t<div class=\"elementor-widget-container\">\n\t\t\t\t\t\t\t\t\t\t\t\t\t\t\t<img fetchpriority=\"high\" decoding=\"async\" width=\"800\" height=\"534\" src=\"data:image\/gif;base64,R0lGODlhAQABAIAAAAAAAP\/\/\/yH5BAEAAAAALAAAAAABAAEAAAIBRAA7\" data-src=\"https:\/\/www.bruckner-schmitzer.at\/wp-content\/uploads\/2025\/04\/tall-building-featuring-multiple-windows-in-grays-2025-02-11-19-41-11-utc-1024x683.jpg\" class=\"attachment-large size-large wp-image-334 lazyload\" alt=\"Planung bei Bruckner und Schmitzer: ein altes Haus - Ansicht von unten - schwarz wei\u00df Fotografie\" data-srcset=\"https:\/\/www.bruckner-schmitzer.at\/wp-content\/uploads\/2025\/04\/tall-building-featuring-multiple-windows-in-grays-2025-02-11-19-41-11-utc-1024x683.jpg 1024w, https:\/\/www.bruckner-schmitzer.at\/wp-content\/uploads\/2025\/04\/tall-building-featuring-multiple-windows-in-grays-2025-02-11-19-41-11-utc-300x200.jpg 300w, https:\/\/www.bruckner-schmitzer.at\/wp-content\/uploads\/2025\/04\/tall-building-featuring-multiple-windows-in-grays-2025-02-11-19-41-11-utc-768x512.jpg 768w, https:\/\/www.bruckner-schmitzer.at\/wp-content\/uploads\/2025\/04\/tall-building-featuring-multiple-windows-in-grays-2025-02-11-19-41-11-utc-1536x1024.jpg 1536w, https:\/\/www.bruckner-schmitzer.at\/wp-content\/uploads\/2025\/04\/tall-building-featuring-multiple-windows-in-grays-2025-02-11-19-41-11-utc-2048x1365.jpg 2048w\" sizes=\"(max-width: 800px) 100vw, 800px\" \/><noscript><img decoding=\"async\" width=\"800\" height=\"534\" src=\"https:\/\/www.bruckner-schmitzer.at\/wp-content\/uploads\/2025\/04\/tall-building-featuring-multiple-windows-in-grays-2025-02-11-19-41-11-utc-1024x683.jpg\" class=\"attachment-large size-large wp-image-334 lazyload\" alt=\"Planung bei Bruckner und Schmitzer: ein altes Haus - Ansicht von unten - schwarz wei\u00df Fotografie\" srcset=\"https:\/\/www.bruckner-schmitzer.at\/wp-content\/uploads\/2025\/04\/tall-building-featuring-multiple-windows-in-grays-2025-02-11-19-41-11-utc-1024x683.jpg 1024w, https:\/\/www.bruckner-schmitzer.at\/wp-content\/uploads\/2025\/04\/tall-building-featuring-multiple-windows-in-grays-2025-02-11-19-41-11-utc-300x200.jpg 300w, https:\/\/www.bruckner-schmitzer.at\/wp-content\/uploads\/2025\/04\/tall-building-featuring-multiple-windows-in-grays-2025-02-11-19-41-11-utc-768x512.jpg 768w, https:\/\/www.bruckner-schmitzer.at\/wp-content\/uploads\/2025\/04\/tall-building-featuring-multiple-windows-in-grays-2025-02-11-19-41-11-utc-1536x1024.jpg 1536w, https:\/\/www.bruckner-schmitzer.at\/wp-content\/uploads\/2025\/04\/tall-building-featuring-multiple-windows-in-grays-2025-02-11-19-41-11-utc-2048x1365.jpg 2048w\" sizes=\"(max-width: 800px) 100vw, 800px\" \/><\/noscript>\t\t\t\t\t\t\t\t\t\t\t\t\t\t\t<\/div>\n\t\t\t\t<\/div>\n\t\t\t\t<\/div>\n\t\t<div class=\"elementor-element elementor-element-9f6e648 e-con-full e-flex e-con e-child\" data-id=\"9f6e648\" data-element_type=\"container\" data-e-type=\"container\">\n\t\t\t\t<div class=\"elementor-element elementor-element-ee942f7 elementor-widget elementor-widget-text-editor\" data-id=\"ee942f7\" data-element_type=\"widget\" data-e-type=\"widget\" data-widget_type=\"text-editor.default\">\n\t\t\t\t<div class=\"elementor-widget-container\">\n\t\t\t\t\t\t\t\t\t<p>Bauherrenberatung<\/p><p>Konzepte und Visualisierung<\/p><p>Planung<\/p><p>Ganzheitliche Planung, die erste Skizze Ihrer Idee im Entwurf \u00fcber die Einreichung bis hin zur Ausf\u00fchrungsplanung f\u00fcr die Umsetzung Ihres Projektes.<\/p><ul style=\"list-style: none; padding-left: 10; margin: 0;\"><li>_Entwurfsplanung<\/li><li>_Einreichplanung<\/li><li>_Ausf\u00fchrungsplanung<\/li><li>\u00a0<\/li><\/ul><p><span style=\"font-family: var( --e-global-typography-adf7458-font-family ), Sans-serif; font-size: var( --e-global-typography-adf7458-font-size ); text-align: var(--text-align);\">Energieausweise<\/span><\/p><p><span style=\"font-family: var( --e-global-typography-adf7458-font-family ), Sans-serif; font-size: var( --e-global-typography-adf7458-font-size ); text-align: var(--text-align);\">Ausschreibung und Vergabe<\/span><\/p><p><span style=\"font-family: var( --e-global-typography-adf7458-font-family ), Sans-serif; font-size: var( --e-global-typography-adf7458-font-size ); text-align: var(--text-align);\">Begleitung im Vergabeverfahren<\/span><\/p>\t\t\t\t\t\t\t\t<\/div>\n\t\t\t\t<\/div>\n\t\t\t\t<div class=\"elementor-element elementor-element-9f76786 elementor-align-left elementor-mobile-align-center elementor-invisible elementor-widget elementor-widget-button\" data-id=\"9f76786\" data-element_type=\"widget\" data-e-type=\"widget\" data-settings=\"{&quot;_animation&quot;:&quot;fadeInUp&quot;}\" data-widget_type=\"button.default\">\n\t\t\t\t<div class=\"elementor-widget-container\">\n\t\t\t\t\t\t\t\t\t<div class=\"elementor-button-wrapper\">\n\t\t\t\t\t<a class=\"elementor-button elementor-button-link elementor-size-sm elementor-animation-bob\" href=\"https:\/\/www.bruckner-schmitzer.at\/\" target=\"_blank\">\n\t\t\t\t\t\t<span class=\"elementor-button-content-wrapper\">\n\t\t\t\t\t\t<span class=\"elementor-button-icon\">\n\t\t\t\t<i aria-hidden=\"true\" class=\"icon icon-chevron-left\"><\/i>\t\t\t<\/span>\n\t\t\t\t\t\t\t\t\t<span class=\"elementor-button-text\">zur startseite<\/span>\n\t\t\t\t\t<\/span>\n\t\t\t\t\t<\/a>\n\t\t\t\t<\/div>\n\t\t\t\t\t\t\t\t<\/div>\n\t\t\t\t<\/div>\n\t\t\t\t<\/div>\n\t\t\t\t\t<\/div>\n\t\t\t\t<\/div>\n\t\t\t\t<\/div>\n\t\t","protected":false},"excerpt":{"rendered":"<p>planung projektentwicklung beh\u00f6rdenmanagement Bauherrenberatung Konzepte und Visualisierung Planung Ganzheitliche Planung, die erste Skizze Ihrer Idee im Entwurf \u00fcber die Einreichung bis hin zur Ausf\u00fchrungsplanung f\u00fcr die Umsetzung Ihres Projektes. _Entwurfsplanung _Einreichplanung _Ausf\u00fchrungsplanung \u00a0 Energieausweise Ausschreibung und Vergabe Begleitung im Vergabeverfahren zur startseite<\/p>\n","protected":false},"author":1,"featured_media":0,"parent":0,"menu_order":0,"comment_status":"closed","ping_status":"closed","template":"","meta":{"footnotes":""},"class_list":["post-720","page","type-page","status-publish","hentry"],"_links":{"self":[{"href":"https:\/\/www.bruckner-schmitzer.at\/index.php?rest_route=\/wp\/v2\/pages\/720","targetHints":{"allow":["GET"]}}],"collection":[{"href":"https:\/\/www.bruckner-schmitzer.at\/index.php?rest_route=\/wp\/v2\/pages"}],"about":[{"href":"https:\/\/www.bruckner-schmitzer.at\/index.php?rest_route=\/wp\/v2\/types\/page"}],"author":[{"embeddable":true,"href":"https:\/\/www.bruckner-schmitzer.at\/index.php?rest_route=\/wp\/v2\/users\/1"}],"replies":[{"embeddable":true,"href":"https:\/\/www.bruckner-schmitzer.at\/index.php?rest_route=%2Fwp%2Fv2%2Fcomments&post=720"}],"version-history":[{"count":32,"href":"https:\/\/www.bruckner-schmitzer.at\/index.php?rest_route=\/wp\/v2\/pages\/720\/revisions"}],"predecessor-version":[{"id":1374,"href":"https:\/\/www.bruckner-schmitzer.at\/index.php?rest_route=\/wp\/v2\/pages\/720\/revisions\/1374"}],"wp:attachment":[{"href":"https:\/\/www.bruckner-schmitzer.at\/index.php?rest_route=%2Fwp%2Fv2%2Fmedia&parent=720"}],"curies":[{"name":"wp","href":"https:\/\/api.w.org\/{rel}","templated":true}]}}