{"id":718,"date":"2025-04-23T23:41:39","date_gmt":"2025-04-23T23:41:39","guid":{"rendered":"https:\/\/www.bruckner-schmitzer.at\/?page_id=718"},"modified":"2025-10-19T17:30:03","modified_gmt":"2025-10-19T17:30:03","slug":"projektentwicklung","status":"publish","type":"page","link":"https:\/\/www.bruckner-schmitzer.at\/?page_id=718","title":{"rendered":"Projektentwicklung"},"content":{"rendered":"\t\t<div data-elementor-type=\"wp-page\" data-elementor-id=\"718\" class=\"elementor elementor-718\" data-elementor-post-type=\"page\">\n\t\t\t\t<div class=\"elementor-element elementor-element-d4712d9 e-flex e-con-boxed e-con e-parent\" data-id=\"d4712d9\" data-element_type=\"container\" data-e-type=\"container\">\n\t\t\t\t\t<div class=\"e-con-inner\">\n\t\t\t\t<div class=\"elementor-element elementor-element-f9d71dc elementor-widget elementor-widget-heading\" data-id=\"f9d71dc\" data-element_type=\"widget\" data-e-type=\"widget\" data-widget_type=\"heading.default\">\n\t\t\t\t<div class=\"elementor-widget-container\">\n\t\t\t\t\t<h2 class=\"elementor-heading-title elementor-size-default\">Projektentwicklung<\/h2>\t\t\t\t<\/div>\n\t\t\t\t<\/div>\n\t\t<div class=\"elementor-element elementor-element-9d399e0 e-grid e-con-full e-con e-child\" data-id=\"9d399e0\" data-element_type=\"container\" data-e-type=\"container\">\n\t\t\t\t<div class=\"elementor-element elementor-element-80a16e7 elementor-icon-list--layout-inline elementor-align-start elementor-list-item-link-full_width elementor-widget elementor-widget-icon-list\" data-id=\"80a16e7\" data-element_type=\"widget\" data-e-type=\"widget\" data-widget_type=\"icon-list.default\">\n\t\t\t\t<div class=\"elementor-widget-container\">\n\t\t\t\t\t\t\t<ul class=\"elementor-icon-list-items elementor-inline-items\">\n\t\t\t\t\t\t\t<li class=\"elementor-icon-list-item elementor-inline-item\">\n\t\t\t\t\t\t\t\t\t\t\t<a href=\"https:\/\/www.bruckner-schmitzer.at\/?page_id=726\">\n\n\t\t\t\t\t\t\t\t\t\t\t\t<span class=\"elementor-icon-list-icon\">\n\t\t\t\t\t\t\t<svg aria-hidden=\"true\" class=\"e-font-icon-svg e-fas-chevron-left\" viewBox=\"0 0 320 512\" xmlns=\"http:\/\/www.w3.org\/2000\/svg\"><path d=\"M34.52 239.03L228.87 44.69c9.37-9.37 24.57-9.37 33.94 0l22.67 22.67c9.36 9.36 9.37 24.52.04 33.9L131.49 256l154.02 154.75c9.34 9.38 9.32 24.54-.04 33.9l-22.67 22.67c-9.37 9.37-24.57 9.37-33.94 0L34.52 272.97c-9.37-9.37-9.37-24.57 0-33.94z\"><\/path><\/svg>\t\t\t\t\t\t<\/span>\n\t\t\t\t\t\t\t\t\t\t<span class=\"elementor-icon-list-text\">bau<\/span>\n\t\t\t\t\t\t\t\t\t\t\t<\/a>\n\t\t\t\t\t\t\t\t\t<\/li>\n\t\t\t\t\t\t<\/ul>\n\t\t\t\t\t\t<\/div>\n\t\t\t\t<\/div>\n\t\t\t\t<div class=\"elementor-element elementor-element-77e303b elementor-icon-list--layout-inline elementor-align-end elementor-list-item-link-full_width elementor-widget elementor-widget-icon-list\" data-id=\"77e303b\" data-element_type=\"widget\" data-e-type=\"widget\" data-widget_type=\"icon-list.default\">\n\t\t\t\t<div class=\"elementor-widget-container\">\n\t\t\t\t\t\t\t<ul class=\"elementor-icon-list-items elementor-inline-items\">\n\t\t\t\t\t\t\t<li class=\"elementor-icon-list-item elementor-inline-item\">\n\t\t\t\t\t\t\t\t\t\t\t<a href=\"https:\/\/www.bruckner-schmitzer.at\/?page_id=720\">\n\n\t\t\t\t\t\t\t\t\t\t\t\t<span class=\"elementor-icon-list-icon\">\n\t\t\t\t\t\t\t<svg aria-hidden=\"true\" class=\"e-font-icon-svg e-fas-chevron-right\" viewBox=\"0 0 320 512\" xmlns=\"http:\/\/www.w3.org\/2000\/svg\"><path d=\"M285.476 272.971L91.132 467.314c-9.373 9.373-24.569 9.373-33.941 0l-22.667-22.667c-9.357-9.357-9.375-24.522-.04-33.901L188.505 256 34.484 101.255c-9.335-9.379-9.317-24.544.04-33.901l22.667-22.667c9.373-9.373 24.569-9.373 33.941 0L285.475 239.03c9.373 9.372 9.373 24.568.001 33.941z\"><\/path><\/svg>\t\t\t\t\t\t<\/span>\n\t\t\t\t\t\t\t\t\t\t<span class=\"elementor-icon-list-text\">planung<\/span>\n\t\t\t\t\t\t\t\t\t\t\t<\/a>\n\t\t\t\t\t\t\t\t\t<\/li>\n\t\t\t\t\t\t<\/ul>\n\t\t\t\t\t\t<\/div>\n\t\t\t\t<\/div>\n\t\t\t\t<\/div>\n\t\t\t\t\t<\/div>\n\t\t\t\t<\/div>\n\t\t<div class=\"elementor-element elementor-element-f4af819 e-flex e-con-boxed e-con e-parent\" data-id=\"f4af819\" data-element_type=\"container\" data-e-type=\"container\" data-settings=\"{&quot;background_background&quot;:&quot;classic&quot;}\">\n\t\t\t\t\t<div class=\"e-con-inner\">\n\t\t<div class=\"elementor-element elementor-element-fb5b087 e-con-full e-flex e-con e-child\" data-id=\"fb5b087\" data-element_type=\"container\" data-e-type=\"container\">\n\t\t\t\t<div class=\"elementor-element elementor-element-a6f25ea hover-swap image3 elementor-widget elementor-widget-image\" data-id=\"a6f25ea\" data-element_type=\"widget\" data-e-type=\"widget\" id=\"image3\" data-widget_type=\"image.default\">\n\t\t\t\t<div class=\"elementor-widget-container\">\n\t\t\t\t\t\t\t\t\t\t\t\t\t\t\t<img fetchpriority=\"high\" decoding=\"async\" width=\"681\" height=\"1024\" src=\"data:image\/gif;base64,R0lGODlhAQABAIAAAAAAAP\/\/\/yH5BAEAAAAALAAAAAABAAEAAAIBRAA7\" data-src=\"https:\/\/www.bruckner-schmitzer.at\/wp-content\/uploads\/2025\/04\/black-and-white-architecture-in-london-2025-02-09-05-07-13-utc-681x1024.jpg\" class=\"attachment-large size-large wp-image-338 lazyload\" alt=\"Die Spitze eines architektonischen-Hauses in schwarz wei\u00df\" data-srcset=\"https:\/\/www.bruckner-schmitzer.at\/wp-content\/uploads\/2025\/04\/black-and-white-architecture-in-london-2025-02-09-05-07-13-utc-681x1024.jpg 681w, https:\/\/www.bruckner-schmitzer.at\/wp-content\/uploads\/2025\/04\/black-and-white-architecture-in-london-2025-02-09-05-07-13-utc-200x300.jpg 200w, https:\/\/www.bruckner-schmitzer.at\/wp-content\/uploads\/2025\/04\/black-and-white-architecture-in-london-2025-02-09-05-07-13-utc-768x1154.jpg 768w, https:\/\/www.bruckner-schmitzer.at\/wp-content\/uploads\/2025\/04\/black-and-white-architecture-in-london-2025-02-09-05-07-13-utc-1022x1536.jpg 1022w, https:\/\/www.bruckner-schmitzer.at\/wp-content\/uploads\/2025\/04\/black-and-white-architecture-in-london-2025-02-09-05-07-13-utc-1363x2048.jpg 1363w, https:\/\/www.bruckner-schmitzer.at\/wp-content\/uploads\/2025\/04\/black-and-white-architecture-in-london-2025-02-09-05-07-13-utc-scaled.jpg 1703w\" sizes=\"(max-width: 681px) 100vw, 681px\" \/><noscript><img decoding=\"async\" width=\"681\" height=\"1024\" src=\"https:\/\/www.bruckner-schmitzer.at\/wp-content\/uploads\/2025\/04\/black-and-white-architecture-in-london-2025-02-09-05-07-13-utc-681x1024.jpg\" class=\"attachment-large size-large wp-image-338 lazyload\" alt=\"Die Spitze eines architektonischen-Hauses in schwarz wei\u00df\" srcset=\"https:\/\/www.bruckner-schmitzer.at\/wp-content\/uploads\/2025\/04\/black-and-white-architecture-in-london-2025-02-09-05-07-13-utc-681x1024.jpg 681w, https:\/\/www.bruckner-schmitzer.at\/wp-content\/uploads\/2025\/04\/black-and-white-architecture-in-london-2025-02-09-05-07-13-utc-200x300.jpg 200w, https:\/\/www.bruckner-schmitzer.at\/wp-content\/uploads\/2025\/04\/black-and-white-architecture-in-london-2025-02-09-05-07-13-utc-768x1154.jpg 768w, https:\/\/www.bruckner-schmitzer.at\/wp-content\/uploads\/2025\/04\/black-and-white-architecture-in-london-2025-02-09-05-07-13-utc-1022x1536.jpg 1022w, https:\/\/www.bruckner-schmitzer.at\/wp-content\/uploads\/2025\/04\/black-and-white-architecture-in-london-2025-02-09-05-07-13-utc-1363x2048.jpg 1363w, https:\/\/www.bruckner-schmitzer.at\/wp-content\/uploads\/2025\/04\/black-and-white-architecture-in-london-2025-02-09-05-07-13-utc-scaled.jpg 1703w\" sizes=\"(max-width: 681px) 100vw, 681px\" \/><\/noscript>\t\t\t\t\t\t\t\t\t\t\t\t\t\t\t<\/div>\n\t\t\t\t<\/div>\n\t\t\t\t<\/div>\n\t\t<div class=\"elementor-element elementor-element-dd0b8c1 e-con-full e-flex e-con e-child\" data-id=\"dd0b8c1\" data-element_type=\"container\" data-e-type=\"container\">\n\t\t\t\t<div class=\"elementor-element elementor-element-a941626 elementor-widget elementor-widget-text-editor\" data-id=\"a941626\" data-element_type=\"widget\" data-e-type=\"widget\" data-widget_type=\"text-editor.default\">\n\t\t\t\t<div class=\"elementor-widget-container\">\n\t\t\t\t\t\t\t\t\t<p>Die bekannten S\u00e4ulen der Projektentwicklung.<span class=\"Apple-converted-space\">\u00a0<\/span><\/p>\t\t\t\t\t\t\t\t<\/div>\n\t\t\t\t<\/div>\n\t\t\t\t<div class=\"elementor-element elementor-element-0fb2212 elementor-icon-list--layout-inline elementor-align-center elementor-list-item-link-full_width elementor-widget elementor-widget-icon-list\" data-id=\"0fb2212\" data-element_type=\"widget\" data-e-type=\"widget\" data-widget_type=\"icon-list.default\">\n\t\t\t\t<div class=\"elementor-widget-container\">\n\t\t\t\t\t\t\t<ul class=\"elementor-icon-list-items elementor-inline-items\">\n\t\t\t\t\t\t\t<li class=\"elementor-icon-list-item elementor-inline-item\">\n\t\t\t\t\t\t\t\t\t\t\t<span class=\"elementor-icon-list-icon\">\n\t\t\t\t\t\t\t<i aria-hidden=\"true\" class=\"icon icon-chevron-right\"><\/i>\t\t\t\t\t\t<\/span>\n\t\t\t\t\t\t\t\t\t\t<span class=\"elementor-icon-list-text\">idee<\/span>\n\t\t\t\t\t\t\t\t\t<\/li>\n\t\t\t\t\t\t\t\t<li class=\"elementor-icon-list-item elementor-inline-item\">\n\t\t\t\t\t\t\t\t\t\t\t<span class=\"elementor-icon-list-icon\">\n\t\t\t\t\t\t\t<i aria-hidden=\"true\" class=\"icon icon-chevron-right\"><\/i>\t\t\t\t\t\t<\/span>\n\t\t\t\t\t\t\t\t\t\t<span class=\"elementor-icon-list-text\">standort<\/span>\n\t\t\t\t\t\t\t\t\t<\/li>\n\t\t\t\t\t\t\t\t<li class=\"elementor-icon-list-item elementor-inline-item\">\n\t\t\t\t\t\t\t\t\t\t\t<span class=\"elementor-icon-list-icon\">\n\t\t\t\t\t\t\t<i aria-hidden=\"true\" class=\"icon icon-chevron-right\"><\/i>\t\t\t\t\t\t<\/span>\n\t\t\t\t\t\t\t\t\t\t<span class=\"elementor-icon-list-text\">kapital<\/span>\n\t\t\t\t\t\t\t\t\t<\/li>\n\t\t\t\t\t\t<\/ul>\n\t\t\t\t\t\t<\/div>\n\t\t\t\t<\/div>\n\t\t\t\t<div class=\"elementor-element elementor-element-6c3a044 elementor-widget elementor-widget-text-editor\" data-id=\"6c3a044\" data-element_type=\"widget\" data-e-type=\"widget\" data-widget_type=\"text-editor.default\">\n\t\t\t\t<div class=\"elementor-widget-container\">\n\t\t\t\t\t\t\t\t\t<p>Sie bringen einen der drei Punkte mit? Durch unser Know-How und Netzwerk k\u00f6nnen wir Sie mit individuellen L\u00f6sungsans\u00e4tzen unterst\u00fctzen, um ein erfolgreiches Projekt ins Leben zu rufen.<span class=\"Apple-converted-space\">\u00a0<\/span><\/p>\t\t\t\t\t\t\t\t<\/div>\n\t\t\t\t<\/div>\n\t\t\t\t<div class=\"elementor-element elementor-element-f7ed514 elementor-widget elementor-widget-text-editor\" data-id=\"f7ed514\" data-element_type=\"widget\" data-e-type=\"widget\" data-widget_type=\"text-editor.default\">\n\t\t\t\t<div class=\"elementor-widget-container\">\n\t\t\t\t\t\t\t\t\t<ul style=\"list-style: none; padding-left: 10; margin: 0;\">\n \t<li>_Beurteilung der Lage I Standort<\/li>\n \t<li>_Erstellung von Zeitpl\u00e4nen<\/li>\n \t<li>_Erstellung von Kostenrahmen<\/li>\n \t<li>_Raum- und Funktionsplanung<\/li>\n \t<li>_Wirtschaftlichkeitsanalyse<span class=\"Apple-converted-space\">\u00a0<\/span><\/li>\n \t<li>_F\u00f6rderungen und Zusch\u00fcsse I F\u00f6rderlandschaft<\/li>\n<\/ul>\t\t\t\t\t\t\t\t<\/div>\n\t\t\t\t<\/div>\n\t\t\t\t<div class=\"elementor-element elementor-element-0eb0fb7 elementor-widget elementor-widget-text-editor\" data-id=\"0eb0fb7\" data-element_type=\"widget\" data-e-type=\"widget\" data-widget_type=\"text-editor.default\">\n\t\t\t\t<div class=\"elementor-widget-container\">\n\t\t\t\t\t\t\t\t\t<p>Die Lage ist das A und O eines jeden Projektes. Sie spielt nicht nur beim Einzugsgebiet eine wichtige Rolle. Die verschiedenen Bebauungsm\u00f6glichkeiten flie\u00dfen in die Machbarkeitsanalyse mit ein, worin zudem die wirtschaftliche Seite betrachtet wird und eventuelle Potenziale f\u00fcr alternative Nutzungen aufgezeigt werden.<span class=\"Apple-converted-space\">&nbsp;<\/span><\/p>\n<p>Kostensch\u00e4tzungen und Terminpl\u00e4ne bilden den Grundstein Ihres Projektes<span class=\"Apple-converted-space\">&nbsp;<\/span><\/p>\t\t\t\t\t\t\t\t<\/div>\n\t\t\t\t<\/div>\n\t\t\t\t<div class=\"elementor-element elementor-element-d062747 elementor-align-left elementor-mobile-align-center elementor-invisible elementor-widget elementor-widget-button\" data-id=\"d062747\" data-element_type=\"widget\" data-e-type=\"widget\" data-settings=\"{&quot;_animation&quot;:&quot;fadeInUp&quot;}\" data-widget_type=\"button.default\">\n\t\t\t\t<div class=\"elementor-widget-container\">\n\t\t\t\t\t\t\t\t\t<div class=\"elementor-button-wrapper\">\n\t\t\t\t\t<a class=\"elementor-button elementor-button-link elementor-size-sm elementor-animation-bob\" href=\"https:\/\/www.bruckner-schmitzer.at\/\" target=\"_blank\">\n\t\t\t\t\t\t<span class=\"elementor-button-content-wrapper\">\n\t\t\t\t\t\t<span class=\"elementor-button-icon\">\n\t\t\t\t<i aria-hidden=\"true\" class=\"icon icon-chevron-left\"><\/i>\t\t\t<\/span>\n\t\t\t\t\t\t\t\t\t<span class=\"elementor-button-text\">zur startseite<\/span>\n\t\t\t\t\t<\/span>\n\t\t\t\t\t<\/a>\n\t\t\t\t<\/div>\n\t\t\t\t\t\t\t\t<\/div>\n\t\t\t\t<\/div>\n\t\t\t\t<\/div>\n\t\t\t\t\t<\/div>\n\t\t\t\t<\/div>\n\t\t\t\t<\/div>\n\t\t","protected":false},"excerpt":{"rendered":"<p>Projektentwicklung bau planung Die bekannten S\u00e4ulen der Projektentwicklung.\u00a0 idee standort kapital Sie bringen einen der drei Punkte mit? Durch unser Know-How und Netzwerk k\u00f6nnen wir Sie mit individuellen L\u00f6sungsans\u00e4tzen unterst\u00fctzen, um ein erfolgreiches Projekt ins Leben zu rufen.\u00a0 _Beurteilung der Lage I Standort _Erstellung von Zeitpl\u00e4nen _Erstellung von Kostenrahmen _Raum- und Funktionsplanung _Wirtschaftlichkeitsanalyse\u00a0 _F\u00f6rderungen und [&hellip;]<\/p>\n","protected":false},"author":1,"featured_media":0,"parent":0,"menu_order":0,"comment_status":"closed","ping_status":"closed","template":"","meta":{"footnotes":""},"class_list":["post-718","page","type-page","status-publish","hentry"],"_links":{"self":[{"href":"https:\/\/www.bruckner-schmitzer.at\/index.php?rest_route=\/wp\/v2\/pages\/718","targetHints":{"allow":["GET"]}}],"collection":[{"href":"https:\/\/www.bruckner-schmitzer.at\/index.php?rest_route=\/wp\/v2\/pages"}],"about":[{"href":"https:\/\/www.bruckner-schmitzer.at\/index.php?rest_route=\/wp\/v2\/types\/page"}],"author":[{"embeddable":true,"href":"https:\/\/www.bruckner-schmitzer.at\/index.php?rest_route=\/wp\/v2\/users\/1"}],"replies":[{"embeddable":true,"href":"https:\/\/www.bruckner-schmitzer.at\/index.php?rest_route=%2Fwp%2Fv2%2Fcomments&post=718"}],"version-history":[{"count":43,"href":"https:\/\/www.bruckner-schmitzer.at\/index.php?rest_route=\/wp\/v2\/pages\/718\/revisions"}],"predecessor-version":[{"id":1371,"href":"https:\/\/www.bruckner-schmitzer.at\/index.php?rest_route=\/wp\/v2\/pages\/718\/revisions\/1371"}],"wp:attachment":[{"href":"https:\/\/www.bruckner-schmitzer.at\/index.php?rest_route=%2Fwp%2Fv2%2Fmedia&parent=718"}],"curies":[{"name":"wp","href":"https:\/\/api.w.org\/{rel}","templated":true}]}}